{"id":15642,"date":"2025-03-28T17:12:07","date_gmt":"2025-03-28T17:12:07","guid":{"rendered":"https:\/\/timefix.net\/product\/globe-pendant-light-school-lighting\/"},"modified":"2025-11-01T19:52:40","modified_gmt":"2025-11-01T19:52:40","slug":"globe-pendant-light-school-lighting","status":"publish","type":"product","link":"https:\/\/timefix.net\/ar\/product\/globe-pendant-light-school-lighting\/","title":{"rendered":"\u0636\u0648\u0621 \u0642\u0644\u0627\u062f\u0629 \u0627\u0644\u0643\u0631\u0629 \u0627\u0644\u0623\u0631\u0636\u064a\u0629"},"content":{"rendered":"<h2>\u0645\u0639\u0644\u0648\u0645\u0627\u062a \u0627\u0644\u0645\u0646\u062a\u062c<\/h2>\n<div class=\"a-row\">\n<div class=\"a-column a-span12 a-span-last\">\n<div class=\"a-row a-spacing-top-base\">\n<div class=\"a-column a-span6\">\n<div class=\"a-row a-spacing-base\">\n<div class=\"a-section table-padding\">\n<table id=\"productDetails_detailBullets_sections1\" class=\"a-keyvalue prodDetTable\" role=\"presentation\">\n<tbody>\n<tr>\n<th class=\"a-color-secondary a-size-base prodDetSectionEntry\">\u0645\u0627\u0631\u0643\u0627<\/th>\n<td class=\"a-size-base prodDetAttrValue\">\u0646\u0648\u0639\u064a<\/td>\n<\/tr>\n<tr>\n<th class=\"a-color-secondary a-size-base prodDetSectionEntry\">\u0644\u0648\u0646<\/th>\n<td class=\"a-size-base prodDetAttrValue\">\u0623\u0633\u0648\u062f (\u0627\u0644\u0636\u0648\u0621 \u0627\u0644\u0623\u0628\u064a\u0636)<\/td>\n<\/tr>\n<tr>\n<th class=\"a-color-secondary a-size-base prodDetSectionEntry\">\u0633\u0639\u0631 \u0627\u0644\u0645\u0627\u062f\u0629<\/th>\n<td class=\"a-size-base prodDetAttrValue\">50 \u062c\u0631\u0627\u0645<\/td>\n<\/tr>\n<tr>\n<th class=\"a-color-secondary a-size-base prodDetSectionEntry\">\u0639\u062f\u062f \u0627\u0644\u0645\u0642\u0627\u0644\u0627\u062a<\/th>\n<td class=\"a-size-base prodDetAttrValue\">1<\/td>\n<\/tr>\n<tr>\n<th class=\"a-color-secondary a-size-base prodDetSectionEntry\">\u0639\u062f\u062f \u0627\u0644\u0648\u062d\u062f\u0627\u062a<\/th>\n<td class=\"a-size-base prodDetAttrValue\">1.0 \u0643\u0648\u0646\u062a\u064a\u0648<\/td>\n<\/tr>\n<tr>\n<th class=\"a-color-secondary a-size-base prodDetSectionEntry\">\u0625\u0630\u0627 \u0643\u0646\u062a \u0628\u062d\u0627\u062c\u0629 \u0625\u0644\u0649 \u0627\u0644\u0627\u0646\u0636\u0645\u0627\u0645<\/th>\n<td class=\"a-size-base prodDetAttrValue\">\u0644\u0627<\/td>\n<\/tr>\n<tr>\n<th class=\"a-color-secondary a-size-base prodDetSectionEntry\">\u0641\u0627\u0628\u0631\u064a\u0643\u0627\u0646\u062a\u064a<\/th>\n<td class=\"a-size-base prodDetAttrValue\">\u0646\u0648\u0639\u064a<\/td>\n<\/tr>\n<tr>\n<th class=\"a-color-secondary a-size-base prodDetSectionEntry\">\u0627\u0633\u0645 \u0627\u0644\u0645\u0648\u062f\u064a\u0644<\/th>\n<td class=\"a-size-base prodDetAttrValue\">BSBZFCAFI-\u0623\u0633\u0648\u062f (\u0623\u0628\u064a\u0636)-50 \u0633\u0645<\/td>\n<\/tr>\n<tr>\n<th class=\"a-color-secondary a-size-base prodDetSectionEntry\">\u0623\u0628\u0639\u0627\u062f \u0627\u0644\u0639\u0628\u0648\u0629<\/th>\n<td class=\"a-size-base prodDetAttrValue\">1,18 \u00d7 0,79 \u00d7 0,39 \u0628\u0648\u0635\u0629<\/td>\n<\/tr>\n<tr>\n<th class=\"a-color-secondary a-size-base prodDetSectionEntry\">\u0642\u0633\u0645<\/th>\n<td class=\"a-size-base prodDetAttrValue\">\u0627\u0644\u0643\u0628\u0627\u0631 \u0644\u0644\u062c\u0646\u0633\u064a\u0646<\/td>\n<\/tr>\n<tr>\n<th class=\"a-color-secondary a-size-base prodDetSectionEntry\">\u0627\u064a \u0627\u0633 \u0627\u064a \u0627\u0646<\/th>\n<td class=\"a-size-base prodDetAttrValue\">B0DMJQQ9QM<\/td>\n<\/tr>\n<tr>\n<th class=\"a-color-secondary a-size-base prodDetSectionEntry\">\u0631\u0642\u0645 \u0646\u0645\u0648\u0630\u062c \u0627\u0644\u0645\u0646\u062a\u062c<\/th>\n<td class=\"a-size-base prodDetAttrValue\">BSBZFCAFI-\u0623\u0633\u0648\u062f (\u0623\u0628\u064a\u0636)-50 \u0633\u0645<\/td>\n<\/tr>\n<tr>\n<th class=\"a-color-secondary a-size-base prodDetSectionEntry\">\u0639\u062f\u062f \u0627\u0644\u0642\u0637\u0639<\/th>\n<td class=\"a-size-base prodDetAttrValue\">1<\/td>\n<\/tr>\n<\/tbody>\n<\/table>\n<\/div>\n<\/div>\n<\/div>\n<\/div>\n<\/div>\n<\/div>","protected":false},"excerpt":{"rendered":"<p class=\"MsoNormal\">\u062a\u0631\u0643\u064a\u0628\u0627\u062a \u0627\u0644\u0625\u0636\u0627\u0621\u0629 \u0627\u0644\u0645\u062f\u0631\u0633\u064a\u0629 \u0639\u0644\u0649 \u0634\u0643\u0644 \u0643\u0631\u0629 \u0623\u0631\u0636\u064a\u0629 \u0628\u0627\u0644\u0644\u0648\u0646 \u0627\u0644\u0623\u0633\u0648\u062f \u0648\u0627\u0644\u0623\u0628\u064a\u0636<br \/>\n\u0645\u0635\u0628\u0627\u062d 800 \u0645\u0644\u0645<\/p>\n<p>\u062a\u0631\u0643\u064a\u0628\u0627\u062a \u0627\u0644\u0625\u0636\u0627\u0621\u0629 \u0627\u0644\u0645\u062f\u0631\u0633\u064a\u0629 \u0630\u0627\u062a \u0627\u0644\u0625\u0636\u0627\u0621\u0629 \u0627\u0644\u0645\u0639\u0644\u0642\u0629 \u0639\u0644\u0649 \u0634\u0643\u0644 \u0643\u0631\u0629 \u0623\u0631\u0636\u064a\u0629 \u0645\u0635\u0628\u0627\u062d \u0623\u0628\u064a\u0636 \u0623\u0633\u0648\u062f 800 \u0645\u0645 \u0647\u0648 \u0623<br \/>\n\u0645\u0643\u062a\u0628 \u0639\u0638\u064a\u0645 \u0623\u062f\u0649 \u0627\u0644\u0636\u0648\u0621. \u0644\u0642\u062f \u0643\u0627\u0646 \u0627\u0644\u062d\u0644 \u0627\u0644\u0623\u0645\u062b\u0644 \u0644\u0625\u0636\u0627\u0621\u0629 LED<br \/>\n\u0627\u0644\u0639\u062f\u064a\u062f \u0645\u0646 \u0627\u0644\u0645\u0634\u0627\u0631\u064a\u0639. \u064a\u0633\u062a\u062e\u062f\u0645 \u0647\u0630\u0627 \u0627\u0644\u0637\u0631\u0627\u0632 \u0627\u0644\u0645\u0639\u064a\u0646 \u0645\u0635\u0627\u0628\u064a\u062d LED \u0628\u0642\u062f\u0631\u0629 48 \u0648\u0627\u062a \u0648\u064a\u0645\u0643\u0646 \u062a\u0639\u062a\u064a\u0645\u0647\u0627<br \/>\n\u0645\u0646 0% \u0625\u0644\u0649 100%. \u0625\u0646\u0647 \u0645\u062b\u0627\u0644\u064a \u0644\u0644\u0645\u0643\u0627\u062a\u0628 \u0648\u0648\u0631\u0634 \u0627\u0644\u0639\u0645\u0644 \u0648\u0627\u0644\u0627\u0633\u062a\u0648\u062f\u064a\u0648\u0647\u0627\u062a \u0648\u0645\u0627 \u0625\u0644\u0649 \u0630\u0644\u0643.<\/p>\n<table class=\"a-normal a-spacing-micro\">\n<tbody>\n<tr class=\"a-spacing-small po-brand\">\n<td class=\"a-span3\"><span class=\"a-size-base a-text-bold\">\u0645\u0627\u0631\u0643\u0627<\/span><\/td>\n<td class=\"a-span9\"><span class=\"a-size-base po-break-word\">\u0646\u0648\u0639\u064a<\/span><\/td>\n<\/tr>\n<tr class=\"a-spacing-small po-color\">\n<td class=\"a-span3\"><span class=\"a-size-base a-text-bold\">\u0644\u0648\u0646<\/span><\/td>\n<td class=\"a-span9\"><span class=\"a-size-base po-break-word\">\u0623\u0633\u0648\u062f (\u0627\u0644\u0636\u0648\u0621 \u0627\u0644\u0623\u0628\u064a\u0636)<\/span><\/td>\n<\/tr>\n<tr class=\"a-spacing-small po-item_weight\">\n<td class=\"a-span3\"><span class=\"a-size-base a-text-bold\">\u0633\u0639\u0631 \u0627\u0644\u0645\u0627\u062f\u0629<\/span><\/td>\n<td class=\"a-span9\"><span class=\"a-size-base po-break-word\">50 \u062c\u0631\u0627\u0645<\/span><\/td>\n<\/tr>\n<tr class=\"a-spacing-small po-number_of_items\">\n<td class=\"a-span3\"><span class=\"a-size-base a-text-bold\">\u0639\u062f\u062f \u0627\u0644\u0645\u0642\u0627\u0644\u0627\u062a<\/span><\/td>\n<td class=\"a-span9\"><span class=\"a-size-base po-break-word\">1<\/span><\/td>\n<\/tr>\n<tr class=\"a-spacing-small po-unit_count\">\n<td class=\"a-span3\"><span class=\"a-size-base a-text-bold\">\u0639\u062f\u062f \u0627\u0644\u0648\u062d\u062f\u0627\u062a<\/span><\/td>\n<\/tr>\n<\/tbody>\n<\/table>\n<h1 class=\"a-size-base-plus a-text-bold\">\u00a0\u062d\u0648\u0644 \u0647\u0630\u0647 \u0627\u0644\u0645\u0627\u062f\u0629<\/h1>\n<ul class=\"a-unordered-list a-vertical a-spacing-mini\">\n<li class=\"a-spacing-mini\"><span class=\"a-list-item\"> \u0628\u0633\u0627\u0637\u062a\u0647\u0627\u060c \u0645\u0633\u0627\u062d\u0629 \u0645\u0636\u064a\u0626\u0629\u060c \u0645\u062a\u0639\u0629 \u0645\u0631\u064a\u062d\u0629 \u0648\u0644\u0643\u0646 \u0644\u064a\u0633\u062a \u0628\u0627\u0647\u0638\u0629 \u0627\u0644\u062b\u0645\u0646. <\/span><\/li>\n<li class=\"a-spacing-mini\"><span class=\"a-list-item\"><br \/>\n\u0645\u0635\u0628\u0627\u062d \u0645\u0646 \u0627\u0644\u062d\u062f\u064a\u062f \u0627\u0644\u0645\u0637\u0627\u0648\u0639\u060c \u0639\u0645\u0644\u064a\u0629 \u0637\u0644\u0627\u0621 \u0631\u0627\u0626\u0639\u0629 \u062a\u062a\u062d\u0645\u0644 \u062f\u0631\u062c\u0627\u062a \u0627\u0644\u062d\u0631\u0627\u0631\u0629 \u0627\u0644\u0639\u0627\u0644\u064a\u0629\u060c \u0646\u0642\u064a<br \/>\n\u0627\u0644\u0644\u0648\u0646\u060c \u0645\u0636\u0627\u062f \u0644\u0644\u062a\u0622\u0643\u0644 \u0648\u0645\u0636\u0627\u062f \u0644\u0644\u0635\u062f\u0623\u060c \u0627\u0644\u062d\u062c\u0645: \u0627\u0644\u0642\u0637\u0631 \u0645\u0642\u0633\u0645 \u0625\u0644\u0649<br \/>\n40\/50\/60 \u062e\u0645\u0633\u0629 \u0623\u0646\u0648\u0627\u0639\u060c \u064a\u0645\u0643\u0646 \u0627\u062e\u062a\u064a\u0627\u0631 \u0644\u0648\u0646\u064a\u0646 \u0623\u0628\u064a\u0636 \u0648\u0623\u0633\u0648\u062f\u060c \u0645\u0639\u0644\u0642<br \/>\n\u062e\u0637 80 \u0633\u0645 (\u0642\u0627\u0628\u0644 \u0644\u0644\u062a\u0639\u062f\u064a\u0644) <\/span><\/li>\n<li class=\"a-spacing-mini\"><span class=\"a-list-item\"> \u062a\u0635\u0645\u064a\u0645 \u0639\u0635\u0631\u064a\u060c \u0645\u0638\u0647\u0631 \u0645\u0630\u0647\u0644\u060c \u0623\u0636\u0641 \u0644\u0645\u0633\u0629 \u0623\u0646\u064a\u0642\u0629 \u0648\u0623\u0646\u064a\u0642\u0629! <\/span><\/li>\n<li class=\"a-spacing-mini\"><span class=\"a-list-item\"><br \/>\n\u0628\u0645\u062c\u0631\u062f \u062a\u0634\u063a\u064a\u0644\u0647\u060c \u0633\u064a\u0638\u0647\u0631 \u062a\u0623\u062b\u064a\u0631 \u0627\u0644\u0636\u0648\u0621 \u0627\u0644\u0641\u0627\u062e\u0631 \u0648\u0627\u0644\u0645\u0630\u0647\u0644 \u0641\u064a \u0628\u0647\u0648 \u0645\u0646\u0632\u0644\u0643\u060c<br \/>\n\u0633\u0648\u0641 \u064a\u0646\u062f\u0647\u0634 \u0643\u0644 \u0645\u0646 \u064a\u0623\u062a\u064a \u0625\u0644\u0649 \u0645\u0646\u0632\u0644\u0643 \u0645\u0646 \u0645\u062f\u0649 \u062c\u0645\u0627\u0644\u0647!\u00a0\u00a0<\/span><\/li>\n<\/ul>","protected":false},"featured_media":16358,"comment_status":"open","ping_status":"closed","template":"","meta":[],"product_brand":[],"product_cat":[42],"product_tag":[],"class_list":{"0":"post-15642","1":"product","2":"type-product","3":"status-publish","4":"has-post-thumbnail","6":"product_cat-lighting","8":"first","9":"instock","10":"virtual","11":"taxable","12":"purchasable","13":"product-type-simple"},"yoast_head":"<!-- This site is optimized with the Yoast SEO plugin v27.4 - https:\/\/yoast.com\/product\/yoast-seo-wordpress\/ -->\n<title>Globe Pendant Light - timefix<\/title>\n<meta name=\"robots\" content=\"index, follow, max-snippet:-1, max-image-preview:large, max-video-preview:-1\" \/>\n<link rel=\"canonical\" href=\"https:\/\/timefix.net\/ar\/product\/globe-pendant-light-school-lighting\/\" \/>\n<meta property=\"og:locale\" content=\"ar_AR\" \/>\n<meta property=\"og:type\" content=\"article\" \/>\n<meta property=\"og:title\" content=\"Globe Pendant Light - timefix\" \/>\n<meta property=\"og:description\" content=\"Globe Pendant Light School Lighting Fixtures Black White Lamp 800mm Globe pendant light school lighting fixtures Black White Lamp 800mm is a great office led light. It has been my go-to LED lighting solution for many projects. This particular model uses 48W LEDs and can be dimmed from 0% to 100%. It\u2019s perfect for offices, workshops, studios, etc.    Marca Generic   Color Black (White Light)   Peso del art\u00edculo 50 Gramos   N\u00famero de art\u00edculos 1   N\u00famero de unidades    \u00a0Sobre este art\u00edculo    Minimalism, illuminating space, comfortable but not expensive, enjoyment.    wrought iron lamp, exquisite high-temperature painting process, pure color, anti-corrosion and anti-rust\uff0cSize: diameter is divided into 40\/50\/60 five kinds, black and white two colors can be selected, hanging line 80 cm (adjustable)   Modern Design \uff0c stunning appearance\uff0cAdd bling and elegant \uff01    Once turn on, luxury and stuning spakling light effect for your foyer, everyone who comes to your home will be amazed on how beautiful it is!\u00a0\u00a0\" \/>\n<meta property=\"og:url\" content=\"https:\/\/timefix.net\/ar\/product\/globe-pendant-light-school-lighting\/\" \/>\n<meta property=\"og:site_name\" content=\"timefix\" \/>\n<meta property=\"article:publisher\" content=\"https:\/\/www.facebook.com\/profile.php?id=61571240090294&amp;mibextid=wwXIfr&amp;rdid=yf3fWiB8Z1QYL8m3&amp;share_url=httpswww.facebook.comshare8JixoCNimq3pTX7RmibextidwwXIfr#\" \/>\n<meta property=\"article:modified_time\" content=\"2025-11-01T19:52:40+00:00\" \/>\n<meta property=\"og:image\" content=\"https:\/\/timefix.net\/wp-content\/uploads\/2025\/04\/Globe-Pendant-Light.png\" \/>\n\t<meta property=\"og:image:width\" content=\"250\" \/>\n\t<meta property=\"og:image:height\" content=\"250\" \/>\n\t<meta property=\"og:image:type\" content=\"image\/png\" \/>\n<meta name=\"twitter:card\" content=\"summary_large_image\" \/>\n<meta name=\"twitter:label1\" content=\"\u0648\u0642\u062a \u0627\u0644\u0642\u0631\u0627\u0621\u0629 \u0627\u0644\u0645\u064f\u0642\u062f\u0651\u0631\" \/>\n\t<meta name=\"twitter:data1\" content=\"\u062f\u0642\u064a\u0642\u0629 \u0648\u0627\u062d\u062f\u0629\" \/>\n<script type=\"application\/ld+json\" class=\"yoast-schema-graph\">{\"@context\":\"https:\\\/\\\/schema.org\",\"@graph\":[{\"@type\":\"WebPage\",\"@id\":\"https:\\\/\\\/timefix.net\\\/product\\\/globe-pendant-light-school-lighting\\\/\",\"url\":\"https:\\\/\\\/timefix.net\\\/product\\\/globe-pendant-light-school-lighting\\\/\",\"name\":\"Globe Pendant Light - timefix\",\"isPartOf\":{\"@id\":\"https:\\\/\\\/timefix.net\\\/#website\"},\"primaryImageOfPage\":{\"@id\":\"https:\\\/\\\/timefix.net\\\/product\\\/globe-pendant-light-school-lighting\\\/#primaryimage\"},\"image\":{\"@id\":\"https:\\\/\\\/timefix.net\\\/product\\\/globe-pendant-light-school-lighting\\\/#primaryimage\"},\"thumbnailUrl\":\"https:\\\/\\\/timefix.net\\\/wp-content\\\/uploads\\\/2025\\\/04\\\/Globe-Pendant-Light.png\",\"datePublished\":\"2025-03-28T17:12:07+00:00\",\"dateModified\":\"2025-11-01T19:52:40+00:00\",\"breadcrumb\":{\"@id\":\"https:\\\/\\\/timefix.net\\\/product\\\/globe-pendant-light-school-lighting\\\/#breadcrumb\"},\"inLanguage\":\"ar\",\"potentialAction\":[{\"@type\":\"ReadAction\",\"target\":[\"https:\\\/\\\/timefix.net\\\/product\\\/globe-pendant-light-school-lighting\\\/\"]}]},{\"@type\":\"ImageObject\",\"inLanguage\":\"ar\",\"@id\":\"https:\\\/\\\/timefix.net\\\/product\\\/globe-pendant-light-school-lighting\\\/#primaryimage\",\"url\":\"https:\\\/\\\/timefix.net\\\/wp-content\\\/uploads\\\/2025\\\/04\\\/Globe-Pendant-Light.png\",\"contentUrl\":\"https:\\\/\\\/timefix.net\\\/wp-content\\\/uploads\\\/2025\\\/04\\\/Globe-Pendant-Light.png\",\"width\":250,\"height\":250},{\"@type\":\"BreadcrumbList\",\"@id\":\"https:\\\/\\\/timefix.net\\\/product\\\/globe-pendant-light-school-lighting\\\/#breadcrumb\",\"itemListElement\":[{\"@type\":\"ListItem\",\"position\":1,\"name\":\"Home\",\"item\":\"https:\\\/\\\/timefix.net\\\/\"},{\"@type\":\"ListItem\",\"position\":2,\"name\":\"Shop\",\"item\":\"https:\\\/\\\/timefix.net\\\/shop\\\/\"},{\"@type\":\"ListItem\",\"position\":3,\"name\":\"Globe Pendant Light\"}]},{\"@type\":\"WebSite\",\"@id\":\"https:\\\/\\\/timefix.net\\\/#website\",\"url\":\"https:\\\/\\\/timefix.net\\\/\",\"name\":\"timefix\",\"description\":\"\",\"publisher\":{\"@id\":\"https:\\\/\\\/timefix.net\\\/#organization\"},\"potentialAction\":[{\"@type\":\"SearchAction\",\"target\":{\"@type\":\"EntryPoint\",\"urlTemplate\":\"https:\\\/\\\/timefix.net\\\/?s={search_term_string}\"},\"query-input\":{\"@type\":\"PropertyValueSpecification\",\"valueRequired\":true,\"valueName\":\"search_term_string\"}}],\"inLanguage\":\"ar\"},{\"@type\":\"Organization\",\"@id\":\"https:\\\/\\\/timefix.net\\\/#organization\",\"name\":\"timefix\",\"url\":\"https:\\\/\\\/timefix.net\\\/\",\"logo\":{\"@type\":\"ImageObject\",\"inLanguage\":\"ar\",\"@id\":\"https:\\\/\\\/timefix.net\\\/#\\\/schema\\\/logo\\\/image\\\/\",\"url\":\"https:\\\/\\\/timefix.net\\\/wp-content\\\/uploads\\\/2025\\\/04\\\/cropped-time.jpg\",\"contentUrl\":\"https:\\\/\\\/timefix.net\\\/wp-content\\\/uploads\\\/2025\\\/04\\\/cropped-time.jpg\",\"width\":512,\"height\":512,\"caption\":\"timefix\"},\"image\":{\"@id\":\"https:\\\/\\\/timefix.net\\\/#\\\/schema\\\/logo\\\/image\\\/\"},\"sameAs\":[\"https:\\\/\\\/www.facebook.com\\\/profile.php?id=61571240090294&mibextid=wwXIfr&rdid=yf3fWiB8Z1QYL8m3&share_url=httpswww.facebook.comshare8JixoCNimq3pTX7RmibextidwwXIfr#\",\"https:\\\/\\\/www.youtube.com\\\/@TimeFix-1\",\"https:\\\/\\\/www.snapchat.com\\\/add\\\/timefix.shop?share_id=B-_7okDWlwY&locale=ar-AE\",\"https:\\\/\\\/www.tiktok.com\\\/@timefix.shop?_t=ZS-8sUUpCA2opL&_r=1\",\"https:\\\/\\\/www.instagram.com\\\/timefix.shop\\\/\",\"https:\\\/\\\/api.whatsapp.com\\\/send\\\/?phone=971555064555&text&type=phone_number&app_absent=0\"]}]}<\/script>\n<!-- \/ Yoast SEO plugin. -->","yoast_head_json":{"title":"Globe Pendant Light - timefix","robots":{"index":"index","follow":"follow","max-snippet":"max-snippet:-1","max-image-preview":"max-image-preview:large","max-video-preview":"max-video-preview:-1"},"canonical":"https:\/\/timefix.net\/ar\/product\/globe-pendant-light-school-lighting\/","og_locale":"ar_AR","og_type":"article","og_title":"Globe Pendant Light - timefix","og_description":"Globe Pendant Light School Lighting Fixtures Black White Lamp 800mm Globe pendant light school lighting fixtures Black White Lamp 800mm is a great office led light. It has been my go-to LED lighting solution for many projects. This particular model uses 48W LEDs and can be dimmed from 0% to 100%. It\u2019s perfect for offices, workshops, studios, etc.    Marca Generic   Color Black (White Light)   Peso del art\u00edculo 50 Gramos   N\u00famero de art\u00edculos 1   N\u00famero de unidades    \u00a0Sobre este art\u00edculo    Minimalism, illuminating space, comfortable but not expensive, enjoyment.    wrought iron lamp, exquisite high-temperature painting process, pure color, anti-corrosion and anti-rust\uff0cSize: diameter is divided into 40\/50\/60 five kinds, black and white two colors can be selected, hanging line 80 cm (adjustable)   Modern Design \uff0c stunning appearance\uff0cAdd bling and elegant \uff01    Once turn on, luxury and stuning spakling light effect for your foyer, everyone who comes to your home will be amazed on how beautiful it is!\u00a0\u00a0","og_url":"https:\/\/timefix.net\/ar\/product\/globe-pendant-light-school-lighting\/","og_site_name":"timefix","article_publisher":"https:\/\/www.facebook.com\/profile.php?id=61571240090294&mibextid=wwXIfr&rdid=yf3fWiB8Z1QYL8m3&share_url=httpswww.facebook.comshare8JixoCNimq3pTX7RmibextidwwXIfr#","article_modified_time":"2025-11-01T19:52:40+00:00","og_image":[{"width":250,"height":250,"url":"https:\/\/timefix.net\/wp-content\/uploads\/2025\/04\/Globe-Pendant-Light.png","type":"image\/png"}],"twitter_card":"summary_large_image","twitter_misc":{"\u0648\u0642\u062a \u0627\u0644\u0642\u0631\u0627\u0621\u0629 \u0627\u0644\u0645\u064f\u0642\u062f\u0651\u0631":"\u062f\u0642\u064a\u0642\u0629 \u0648\u0627\u062d\u062f\u0629"},"schema":{"@context":"https:\/\/schema.org","@graph":[{"@type":"WebPage","@id":"https:\/\/timefix.net\/product\/globe-pendant-light-school-lighting\/","url":"https:\/\/timefix.net\/product\/globe-pendant-light-school-lighting\/","name":"Globe Pendant Light - timefix","isPartOf":{"@id":"https:\/\/timefix.net\/#website"},"primaryImageOfPage":{"@id":"https:\/\/timefix.net\/product\/globe-pendant-light-school-lighting\/#primaryimage"},"image":{"@id":"https:\/\/timefix.net\/product\/globe-pendant-light-school-lighting\/#primaryimage"},"thumbnailUrl":"https:\/\/timefix.net\/wp-content\/uploads\/2025\/04\/Globe-Pendant-Light.png","datePublished":"2025-03-28T17:12:07+00:00","dateModified":"2025-11-01T19:52:40+00:00","breadcrumb":{"@id":"https:\/\/timefix.net\/product\/globe-pendant-light-school-lighting\/#breadcrumb"},"inLanguage":"ar","potentialAction":[{"@type":"ReadAction","target":["https:\/\/timefix.net\/product\/globe-pendant-light-school-lighting\/"]}]},{"@type":"ImageObject","inLanguage":"ar","@id":"https:\/\/timefix.net\/product\/globe-pendant-light-school-lighting\/#primaryimage","url":"https:\/\/timefix.net\/wp-content\/uploads\/2025\/04\/Globe-Pendant-Light.png","contentUrl":"https:\/\/timefix.net\/wp-content\/uploads\/2025\/04\/Globe-Pendant-Light.png","width":250,"height":250},{"@type":"BreadcrumbList","@id":"https:\/\/timefix.net\/product\/globe-pendant-light-school-lighting\/#breadcrumb","itemListElement":[{"@type":"ListItem","position":1,"name":"Home","item":"https:\/\/timefix.net\/"},{"@type":"ListItem","position":2,"name":"Shop","item":"https:\/\/timefix.net\/shop\/"},{"@type":"ListItem","position":3,"name":"Globe Pendant Light"}]},{"@type":"WebSite","@id":"https:\/\/timefix.net\/#website","url":"https:\/\/timefix.net\/","name":"timefix","description":"","publisher":{"@id":"https:\/\/timefix.net\/#organization"},"potentialAction":[{"@type":"SearchAction","target":{"@type":"EntryPoint","urlTemplate":"https:\/\/timefix.net\/?s={search_term_string}"},"query-input":{"@type":"PropertyValueSpecification","valueRequired":true,"valueName":"search_term_string"}}],"inLanguage":"ar"},{"@type":"Organization","@id":"https:\/\/timefix.net\/#organization","name":"timefix","url":"https:\/\/timefix.net\/","logo":{"@type":"ImageObject","inLanguage":"ar","@id":"https:\/\/timefix.net\/#\/schema\/logo\/image\/","url":"https:\/\/timefix.net\/wp-content\/uploads\/2025\/04\/cropped-time.jpg","contentUrl":"https:\/\/timefix.net\/wp-content\/uploads\/2025\/04\/cropped-time.jpg","width":512,"height":512,"caption":"timefix"},"image":{"@id":"https:\/\/timefix.net\/#\/schema\/logo\/image\/"},"sameAs":["https:\/\/www.facebook.com\/profile.php?id=61571240090294&mibextid=wwXIfr&rdid=yf3fWiB8Z1QYL8m3&share_url=httpswww.facebook.comshare8JixoCNimq3pTX7RmibextidwwXIfr#","https:\/\/www.youtube.com\/@TimeFix-1","https:\/\/www.snapchat.com\/add\/timefix.shop?share_id=B-_7okDWlwY&locale=ar-AE","https:\/\/www.tiktok.com\/@timefix.shop?_t=ZS-8sUUpCA2opL&_r=1","https:\/\/www.instagram.com\/timefix.shop\/","https:\/\/api.whatsapp.com\/send\/?phone=971555064555&text&type=phone_number&app_absent=0"]}]}},"_links":{"self":[{"href":"https:\/\/timefix.net\/ar\/wp-json\/wp\/v2\/product\/15642","targetHints":{"allow":["GET"]}}],"collection":[{"href":"https:\/\/timefix.net\/ar\/wp-json\/wp\/v2\/product"}],"about":[{"href":"https:\/\/timefix.net\/ar\/wp-json\/wp\/v2\/types\/product"}],"replies":[{"embeddable":true,"href":"https:\/\/timefix.net\/ar\/wp-json\/wp\/v2\/comments?post=15642"}],"version-history":[{"count":3,"href":"https:\/\/timefix.net\/ar\/wp-json\/wp\/v2\/product\/15642\/revisions"}],"predecessor-version":[{"id":17105,"href":"https:\/\/timefix.net\/ar\/wp-json\/wp\/v2\/product\/15642\/revisions\/17105"}],"wp:featuredmedia":[{"embeddable":true,"href":"https:\/\/timefix.net\/ar\/wp-json\/wp\/v2\/media\/16358"}],"wp:attachment":[{"href":"https:\/\/timefix.net\/ar\/wp-json\/wp\/v2\/media?parent=15642"}],"wp:term":[{"taxonomy":"product_brand","embeddable":true,"href":"https:\/\/timefix.net\/ar\/wp-json\/wp\/v2\/product_brand?post=15642"},{"taxonomy":"product_cat","embeddable":true,"href":"https:\/\/timefix.net\/ar\/wp-json\/wp\/v2\/product_cat?post=15642"},{"taxonomy":"product_tag","embeddable":true,"href":"https:\/\/timefix.net\/ar\/wp-json\/wp\/v2\/product_tag?post=15642"}],"curies":[{"name":"wp","href":"https:\/\/api.w.org\/{rel}","templated":true}]}}